{"id":4176,"date":"2025-10-21T11:00:11","date_gmt":"2025-10-21T09:00:11","guid":{"rendered":"https:\/\/philartmediastudio.com\/?page_id=4176"},"modified":"2025-10-21T11:16:36","modified_gmt":"2025-10-21T09:16:36","slug":"l-etoile-bleue","status":"publish","type":"page","link":"https:\/\/philartmediastudio.com\/en\/portfolio\/l-etoile-bleue\/","title":{"rendered":"L&rsquo;Etoile Bleue"},"content":{"rendered":"<div data-elementor-type=\"wp-page\" data-elementor-id=\"4176\" class=\"elementor elementor-4176\">\n\t\t\t\t\t\t\t\t\t<header class=\"elementor-section elementor-top-section elementor-element elementor-element-34c3c734 elementor-section-height-min-height elementor-section-content-middle elementor-section-boxed elementor-section-height-default elementor-section-items-middle\" data-id=\"34c3c734\" data-element_type=\"section\" data-settings=\"{&quot;background_background&quot;:&quot;classic&quot;}\">\n\t\t\t\t\t\t\t<div class=\"elementor-background-overlay\"><\/div>\n\t\t\t\t\t\t\t<div class=\"elementor-container elementor-column-gap-default\">\n\t\t\t\t\t<div class=\"elementor-column elementor-col-100 elementor-top-column elementor-element elementor-element-4e5a3d16\" data-id=\"4e5a3d16\" data-element_type=\"column\">\n\t\t\t<div class=\"elementor-widget-wrap elementor-element-populated\">\n\t\t\t\t\t\t\t\t<div class=\"elementor-element elementor-element-3e474c3c elementor-widget elementor-widget-heading\" data-id=\"3e474c3c\" data-element_type=\"widget\" data-widget_type=\"heading.default\">\n\t\t\t\t<div class=\"elementor-widget-container\">\n\t\t\t<h3 class=\"elementor-heading-title elementor-size-large\">2025<\/h3>\t\t<\/div>\n\t\t\t\t<\/div>\n\t\t\t\t<div class=\"elementor-element elementor-element-7dcb9206 elementor-widget elementor-widget-heading\" data-id=\"7dcb9206\" data-element_type=\"widget\" data-widget_type=\"heading.default\">\n\t\t\t\t<div class=\"elementor-widget-container\">\n\t\t\t<h1 class=\"elementor-heading-title elementor-size-xxl\">L'Etoile Bleue<\/h1>\t\t<\/div>\n\t\t\t\t<\/div>\n\t\t\t\t\t<\/div>\n\t\t<\/div>\n\t\t\t\t\t\t\t<\/div>\n\t\t<\/header>\n\t\t\t\t<section class=\"elementor-section elementor-top-section elementor-element elementor-element-209f4b56 elementor-section-boxed elementor-section-height-default elementor-section-height-default\" data-id=\"209f4b56\" data-element_type=\"section\" data-settings=\"{&quot;background_background&quot;:&quot;classic&quot;,&quot;shape_divider_top&quot;:&quot;arrow&quot;}\">\n\t\t\t\t\t<div class=\"elementor-shape elementor-shape-top\" data-negative=\"false\">\n\t\t\t<svg xmlns=\"http:\/\/www.w3.org\/2000\/svg\" viewbox=\"0 0 700 10\" preserveaspectratio=\"none\">\n\t<path class=\"elementor-shape-fill\" d=\"M350,10L340,0h20L350,10z\"\/>\n<\/svg>\t\t<\/div>\n\t\t\t\t\t<div class=\"elementor-container elementor-column-gap-wide\">\n\t\t\t\t\t<div class=\"elementor-column elementor-col-100 elementor-top-column elementor-element elementor-element-50b2d3cf\" data-id=\"50b2d3cf\" data-element_type=\"column\">\n\t\t\t<div class=\"elementor-widget-wrap elementor-element-populated\">\n\t\t\t\t\t\t\t\t<section class=\"elementor-section elementor-inner-section elementor-element elementor-element-56aaa6f5 elementor-section-boxed elementor-section-height-default elementor-section-height-default\" data-id=\"56aaa6f5\" data-element_type=\"section\">\n\t\t\t\t\t\t<div class=\"elementor-container elementor-column-gap-no\">\n\t\t\t\t\t<div class=\"elementor-column elementor-col-100 elementor-inner-column elementor-element elementor-element-0d7fc1a\" data-id=\"0d7fc1a\" data-element_type=\"column\">\n\t\t\t<div class=\"elementor-widget-wrap elementor-element-populated\">\n\t\t\t\t\t\t\t\t<div class=\"elementor-element elementor-element-ac6a188 elementor-position-left elementor-view-default elementor-mobile-position-top elementor-vertical-align-top elementor-widget elementor-widget-icon-box\" data-id=\"ac6a188\" data-element_type=\"widget\" data-widget_type=\"icon-box.default\">\n\t\t\t\t<div class=\"elementor-widget-container\">\n\t\t\t\t\t<div class=\"elementor-icon-box-wrapper\">\n\t\t\t\t\t\t<div class=\"elementor-icon-box-icon\">\n\t\t\t\t<span class=\"elementor-icon elementor-animation-\" >\n\t\t\t\t<i aria-hidden=\"true\" class=\"far fa-window-minimize\"><\/i>\t\t\t\t<\/span>\n\t\t\t<\/div>\n\t\t\t\t\t\t<div class=\"elementor-icon-box-content\">\n\t\t\t\t<h3 class=\"elementor-icon-box-title\">\n\t\t\t\t\t<span  >\n\t\t\t\t\t\tSYNOPSIS\t\t\t\t\t<\/span>\n\t\t\t\t<\/h3>\n\t\t\t\t\t\t\t\t\t<p class=\"elementor-icon-box-description\">\n\t\t\t\t\t\tJean, l\u2019homme \u00e0 la casquette, a un abysse dans le c\u0153ur. Le film nous entraine dans la vacuit\u00e9 de son quotidien : du confort des soir\u00e9es insipides entre coll\u00e8gues au pseudo-danger du deal dans des banlieues glauques en passant par la banalit\u00e9 d\u2019exp\u00e9riences affectives forc\u00e9es avec Naomie. Jusqu\u2019au jour o\u00f9 il va recevoir la visite de son fr\u00e8re ain\u00e9, Vincent, venant annoncer le d\u00e9c\u00e8s de leur m\u00e8re. N'\u00e9tant pas affect\u00e9 par la nouvelle, Jean va continuer son errance urbaine \u00e0 la qu\u00eate de \u00ab l\u2019\u00e9toile bleue \u00bb pour retrouver des \u00e9motions\u2026 Mais pour y parvenir, il devra en payer de son \u00e2me. De rencontre en rencontre, des plus banales au plus \u00e9sot\u00e9riques, l\u2019univers de Jean ne cessera de surprendre.\t\t\t\t\t<\/p>\n\t\t\t\t\t\t\t<\/div>\n\t\t<\/div>\n\t\t\t\t<\/div>\n\t\t\t\t<\/div>\n\t\t\t\t\t<\/div>\n\t\t<\/div>\n\t\t\t\t\t\t\t<\/div>\n\t\t<\/section>\n\t\t\t\t\t<\/div>\n\t\t<\/div>\n\t\t\t\t\t\t\t<\/div>\n\t\t<\/section>\n\t\t\t\t<section class=\"elementor-section elementor-top-section elementor-element elementor-element-23aed6d elementor-section-boxed elementor-section-height-default elementor-section-height-default\" data-id=\"23aed6d\" data-element_type=\"section\" data-settings=\"{&quot;background_background&quot;:&quot;classic&quot;}\">\n\t\t\t\t\t\t<div class=\"elementor-container elementor-column-gap-wide\">\n\t\t\t\t\t<div class=\"elementor-column elementor-col-100 elementor-top-column elementor-element elementor-element-69547e9f\" data-id=\"69547e9f\" data-element_type=\"column\">\n\t\t\t<div class=\"elementor-widget-wrap elementor-element-populated\">\n\t\t\t\t\t\t\t\t<section class=\"elementor-section elementor-inner-section elementor-element elementor-element-7d343252 elementor-section-boxed elementor-section-height-default elementor-section-height-default\" data-id=\"7d343252\" data-element_type=\"section\">\n\t\t\t\t\t\t<div class=\"elementor-container elementor-column-gap-no\">\n\t\t\t\t\t<div class=\"elementor-column elementor-col-100 elementor-inner-column elementor-element elementor-element-41237b5b\" data-id=\"41237b5b\" data-element_type=\"column\">\n\t\t\t<div class=\"elementor-widget-wrap elementor-element-populated\">\n\t\t\t\t\t\t\t\t<div class=\"elementor-element elementor-element-f6ee104 elementor-widget elementor-widget-heading\" data-id=\"f6ee104\" data-element_type=\"widget\" data-widget_type=\"heading.default\">\n\t\t\t\t<div class=\"elementor-widget-container\">\n\t\t\t<h2 class=\"elementor-heading-title elementor-size-xl\">About the project<\/h2>\t\t<\/div>\n\t\t\t\t<\/div>\n\t\t\t\t\t<\/div>\n\t\t<\/div>\n\t\t\t\t\t\t\t<\/div>\n\t\t<\/section>\n\t\t\t\t<section class=\"elementor-section elementor-inner-section elementor-element elementor-element-79fa067e elementor-section-boxed elementor-section-height-default elementor-section-height-default\" data-id=\"79fa067e\" data-element_type=\"section\">\n\t\t\t\t\t\t<div class=\"elementor-container elementor-column-gap-wide\">\n\t\t\t\t\t<div class=\"elementor-column elementor-col-50 elementor-inner-column elementor-element elementor-element-49a878d5\" data-id=\"49a878d5\" data-element_type=\"column\">\n\t\t\t<div class=\"elementor-widget-wrap elementor-element-populated\">\n\t\t\t\t\t\t\t\t<div class=\"elementor-element elementor-element-2a949c44 elementor-widget elementor-widget-text-editor\" data-id=\"2a949c44\" data-element_type=\"widget\" data-widget_type=\"text-editor.default\">\n\t\t\t\t<div class=\"elementor-widget-container\">\n\t\t\t\t\t\t\t<p>L&rsquo;\u00c9toile Bleue est un conte d\u00e9senchant\u00e9, dans une ode po\u00e9tique combinant sombre odyss\u00e9e et \u00e9sot\u00e9riques rencontres. Une tentative d\u2019\u0153uvre somme, un film choral \u00e0 l&rsquo;ambition sans limite, pour une histoire visc\u00e9rale et existentialiste.<\/p>\t\t\t\t\t\t<\/div>\n\t\t\t\t<\/div>\n\t\t\t\t<div class=\"elementor-element elementor-element-1863040d elementor-widget elementor-widget-text-editor\" data-id=\"1863040d\" data-element_type=\"widget\" data-widget_type=\"text-editor.default\">\n\t\t\t\t<div class=\"elementor-widget-container\">\n\t\t\t\t\t\t\t\t\t\t\t\t\t<\/div>\n\t\t\t\t<\/div>\n\t\t\t\t\t<\/div>\n\t\t<\/div>\n\t\t\t\t<div class=\"elementor-column elementor-col-50 elementor-inner-column elementor-element elementor-element-6849d2cf\" data-id=\"6849d2cf\" data-element_type=\"column\">\n\t\t\t<div class=\"elementor-widget-wrap elementor-element-populated\">\n\t\t\t\t\t\t\t\t<div class=\"elementor-element elementor-element-3dd0932 elementor-widget elementor-widget-text-editor\" data-id=\"3dd0932\" data-element_type=\"widget\" data-widget_type=\"text-editor.default\">\n\t\t\t\t<div class=\"elementor-widget-container\">\n\t\t\t\t\t\t\t<p>L&rsquo;\u00c9toile Bleue est le premier long m\u00e9trage \u00e9crit et r\u00e9alis\u00e9 de Tomas Belton.<\/p>\t\t\t\t\t\t<\/div>\n\t\t\t\t<\/div>\n\t\t\t\t\t<\/div>\n\t\t<\/div>\n\t\t\t\t\t\t\t<\/div>\n\t\t<\/section>\n\t\t\t\t<div class=\"elementor-element elementor-element-5ae0a6fe elementor-widget-divider--view-line elementor-widget elementor-widget-divider\" data-id=\"5ae0a6fe\" data-element_type=\"widget\" data-widget_type=\"divider.default\">\n\t\t\t\t<div class=\"elementor-widget-container\">\n\t\t\t\t\t<div class=\"elementor-divider\">\n\t\t\t<span class=\"elementor-divider-separator\">\n\t\t\t\t\t\t<\/span>\n\t\t<\/div>\n\t\t\t\t<\/div>\n\t\t\t\t<\/div>\n\t\t\t\t\t<\/div>\n\t\t<\/div>\n\t\t\t\t\t\t\t<\/div>\n\t\t<\/section>\n\t\t\t\t<section class=\"elementor-section elementor-top-section elementor-element elementor-element-5e6df18 elementor-section-boxed elementor-section-height-default elementor-section-height-default\" data-id=\"5e6df18\" data-element_type=\"section\" data-settings=\"{&quot;background_background&quot;:&quot;classic&quot;}\">\n\t\t\t\t\t\t\t<div class=\"elementor-background-overlay\"><\/div>\n\t\t\t\t\t\t\t<div class=\"elementor-container elementor-column-gap-default\">\n\t\t\t\t\t<div class=\"elementor-column elementor-col-33 elementor-top-column elementor-element elementor-element-3dde0eb3\" data-id=\"3dde0eb3\" data-element_type=\"column\">\n\t\t\t<div class=\"elementor-widget-wrap elementor-element-populated\">\n\t\t\t\t\t\t\t\t<div class=\"elementor-element elementor-element-676f00b2 elementor-widget elementor-widget-heading\" data-id=\"676f00b2\" data-element_type=\"widget\" data-widget_type=\"heading.default\">\n\t\t\t\t<div class=\"elementor-widget-container\">\n\t\t\t<h3 class=\"elementor-heading-title elementor-size-medium\">Directed by<\/h3>\t\t<\/div>\n\t\t\t\t<\/div>\n\t\t\t\t<div class=\"elementor-element elementor-element-4212ddcb elementor-widget elementor-widget-heading\" data-id=\"4212ddcb\" data-element_type=\"widget\" data-widget_type=\"heading.default\">\n\t\t\t\t<div class=\"elementor-widget-container\">\n\t\t\t<span class=\"elementor-heading-title elementor-size-medium\">Thomas Belton<\/span>\t\t<\/div>\n\t\t\t\t<\/div>\n\t\t\t\t\t<\/div>\n\t\t<\/div>\n\t\t\t\t<div class=\"elementor-column elementor-col-33 elementor-top-column elementor-element elementor-element-3bbf7d12\" data-id=\"3bbf7d12\" data-element_type=\"column\">\n\t\t\t<div class=\"elementor-widget-wrap elementor-element-populated\">\n\t\t\t\t\t\t\t\t<div class=\"elementor-element elementor-element-9f50b7c elementor-widget elementor-widget-heading\" data-id=\"9f50b7c\" data-element_type=\"widget\" data-widget_type=\"heading.default\">\n\t\t\t\t<div class=\"elementor-widget-container\">\n\t\t\t<h3 class=\"elementor-heading-title elementor-size-medium\">Produced by<\/h3>\t\t<\/div>\n\t\t\t\t<\/div>\n\t\t\t\t<div class=\"elementor-element elementor-element-75ec7816 elementor-widget elementor-widget-heading\" data-id=\"75ec7816\" data-element_type=\"widget\" data-widget_type=\"heading.default\">\n\t\t\t\t<div class=\"elementor-widget-container\">\n\t\t\t<span class=\"elementor-heading-title elementor-size-medium\">Thomas Belton\n<\/span>\t\t<\/div>\n\t\t\t\t<\/div>\n\t\t\t\t\t<\/div>\n\t\t<\/div>\n\t\t\t\t<div class=\"elementor-column elementor-col-33 elementor-top-column elementor-element elementor-element-3298cd54\" data-id=\"3298cd54\" data-element_type=\"column\">\n\t\t\t<div class=\"elementor-widget-wrap elementor-element-populated\">\n\t\t\t\t\t\t\t\t<div class=\"elementor-element elementor-element-5630741d elementor-widget elementor-widget-heading\" data-id=\"5630741d\" data-element_type=\"widget\" data-widget_type=\"heading.default\">\n\t\t\t\t<div class=\"elementor-widget-container\">\n\t\t\t<h3 class=\"elementor-heading-title elementor-size-medium\">Post-production<\/h3>\t\t<\/div>\n\t\t\t\t<\/div>\n\t\t\t\t<div class=\"elementor-element elementor-element-714ac989 elementor-widget elementor-widget-heading\" data-id=\"714ac989\" data-element_type=\"widget\" data-widget_type=\"heading.default\">\n\t\t\t\t<div class=\"elementor-widget-container\">\n\t\t\t<span class=\"elementor-heading-title elementor-size-medium\">Production ex\u00e9cutive : Victor Basier<br><br>Montage son : Thomas Colenson, Martin Huver-Furling<br>Sound Design : Eliott Delagarde<br>Mixage : Th\u00e9o Canav\u00e8se<br><br>Musique additionnelle : Th\u00e9rence Guillerme\n<\/span>\t\t<\/div>\n\t\t\t\t<\/div>\n\t\t\t\t\t<\/div>\n\t\t<\/div>\n\t\t\t\t\t\t\t<\/div>\n\t\t<\/section>\n\t\t\t\t\t\t\t<\/div>","protected":false},"excerpt":{"rendered":"<p>2025 L&rsquo;Etoile Bleue SYNOPSIS Jean, l\u2019homme \u00e0 la casquette, a un abysse dans le c\u0153ur. Le film nous entraine dans la vacuit\u00e9 de son quotidien : du confort des soir\u00e9es insipides entre coll\u00e8gues au pseudo-danger du deal dans des banlieues glauques en passant par la banalit\u00e9 d\u2019exp\u00e9riences affectives forc\u00e9es avec Naomie. Jusqu\u2019au jour o\u00f9 il [&hellip;]<\/p>","protected":false},"author":2,"featured_media":4166,"parent":898,"menu_order":0,"comment_status":"closed","ping_status":"closed","template":"elementor_header_footer","meta":{"footnotes":""},"class_list":["post-4176","page","type-page","status-publish","has-post-thumbnail","hentry"],"_links":{"self":[{"href":"https:\/\/philartmediastudio.com\/en\/wp-json\/wp\/v2\/pages\/4176","targetHints":{"allow":["GET"]}}],"collection":[{"href":"https:\/\/philartmediastudio.com\/en\/wp-json\/wp\/v2\/pages"}],"about":[{"href":"https:\/\/philartmediastudio.com\/en\/wp-json\/wp\/v2\/types\/page"}],"author":[{"embeddable":true,"href":"https:\/\/philartmediastudio.com\/en\/wp-json\/wp\/v2\/users\/2"}],"replies":[{"embeddable":true,"href":"https:\/\/philartmediastudio.com\/en\/wp-json\/wp\/v2\/comments?post=4176"}],"version-history":[{"count":10,"href":"https:\/\/philartmediastudio.com\/en\/wp-json\/wp\/v2\/pages\/4176\/revisions"}],"predecessor-version":[{"id":4186,"href":"https:\/\/philartmediastudio.com\/en\/wp-json\/wp\/v2\/pages\/4176\/revisions\/4186"}],"up":[{"embeddable":true,"href":"https:\/\/philartmediastudio.com\/en\/wp-json\/wp\/v2\/pages\/898"}],"wp:featuredmedia":[{"embeddable":true,"href":"https:\/\/philartmediastudio.com\/en\/wp-json\/wp\/v2\/media\/4166"}],"wp:attachment":[{"href":"https:\/\/philartmediastudio.com\/en\/wp-json\/wp\/v2\/media?parent=4176"}],"curies":[{"name":"wp","href":"https:\/\/api.w.org\/{rel}","templated":true}]}}