{"id":4116,"date":"2025-09-17T18:44:32","date_gmt":"2025-09-17T16:44:32","guid":{"rendered":"https:\/\/philartmediastudio.com\/?page_id=4116"},"modified":"2025-09-17T18:51:49","modified_gmt":"2025-09-17T16:51:49","slug":"soyez-le-bienvenu","status":"publish","type":"page","link":"https:\/\/philartmediastudio.com\/en\/portfolio\/soyez-le-bienvenu\/","title":{"rendered":"Soyez le Bienvenu"},"content":{"rendered":"<div data-elementor-type=\"wp-page\" data-elementor-id=\"4116\" class=\"elementor elementor-4116\">\n\t\t\t\t\t\t\t\t\t<header class=\"elementor-section elementor-top-section elementor-element elementor-element-34c3c734 elementor-section-height-min-height elementor-section-content-middle elementor-section-boxed elementor-section-height-default elementor-section-items-middle\" data-id=\"34c3c734\" data-element_type=\"section\" data-settings=\"{&quot;background_background&quot;:&quot;classic&quot;}\">\n\t\t\t\t\t\t\t<div class=\"elementor-background-overlay\"><\/div>\n\t\t\t\t\t\t\t<div class=\"elementor-container elementor-column-gap-default\">\n\t\t\t\t\t<div class=\"elementor-column elementor-col-100 elementor-top-column elementor-element elementor-element-4e5a3d16\" data-id=\"4e5a3d16\" data-element_type=\"column\">\n\t\t\t<div class=\"elementor-widget-wrap elementor-element-populated\">\n\t\t\t\t\t\t\t\t<div class=\"elementor-element elementor-element-3e474c3c elementor-widget elementor-widget-heading\" data-id=\"3e474c3c\" data-element_type=\"widget\" data-widget_type=\"heading.default\">\n\t\t\t\t<div class=\"elementor-widget-container\">\n\t\t\t<h3 class=\"elementor-heading-title elementor-size-large\">2026<\/h3>\t\t<\/div>\n\t\t\t\t<\/div>\n\t\t\t\t<div class=\"elementor-element elementor-element-7dcb9206 elementor-widget elementor-widget-heading\" data-id=\"7dcb9206\" data-element_type=\"widget\" data-widget_type=\"heading.default\">\n\t\t\t\t<div class=\"elementor-widget-container\">\n\t\t\t<h1 class=\"elementor-heading-title elementor-size-xxl\">Soyez le Bienvenu<\/h1>\t\t<\/div>\n\t\t\t\t<\/div>\n\t\t\t\t\t<\/div>\n\t\t<\/div>\n\t\t\t\t\t\t\t<\/div>\n\t\t<\/header>\n\t\t\t\t<section class=\"elementor-section elementor-top-section elementor-element elementor-element-209f4b56 elementor-section-boxed elementor-section-height-default elementor-section-height-default\" data-id=\"209f4b56\" data-element_type=\"section\" data-settings=\"{&quot;background_background&quot;:&quot;classic&quot;,&quot;shape_divider_top&quot;:&quot;arrow&quot;}\">\n\t\t\t\t\t<div class=\"elementor-shape elementor-shape-top\" data-negative=\"false\">\n\t\t\t<svg xmlns=\"http:\/\/www.w3.org\/2000\/svg\" viewbox=\"0 0 700 10\" preserveaspectratio=\"none\">\n\t<path class=\"elementor-shape-fill\" d=\"M350,10L340,0h20L350,10z\"\/>\n<\/svg>\t\t<\/div>\n\t\t\t\t\t<div class=\"elementor-container elementor-column-gap-wide\">\n\t\t\t\t\t<div class=\"elementor-column elementor-col-100 elementor-top-column elementor-element elementor-element-50b2d3cf\" data-id=\"50b2d3cf\" data-element_type=\"column\">\n\t\t\t<div class=\"elementor-widget-wrap elementor-element-populated\">\n\t\t\t\t\t\t\t\t<section class=\"elementor-section elementor-inner-section elementor-element elementor-element-56aaa6f5 elementor-section-boxed elementor-section-height-default elementor-section-height-default\" data-id=\"56aaa6f5\" data-element_type=\"section\">\n\t\t\t\t\t\t<div class=\"elementor-container elementor-column-gap-no\">\n\t\t\t\t\t<div class=\"elementor-column elementor-col-100 elementor-inner-column elementor-element elementor-element-0d7fc1a\" data-id=\"0d7fc1a\" data-element_type=\"column\">\n\t\t\t<div class=\"elementor-widget-wrap elementor-element-populated\">\n\t\t\t\t\t\t\t\t<div class=\"elementor-element elementor-element-ac6a188 elementor-position-left elementor-view-default elementor-mobile-position-top elementor-vertical-align-top elementor-widget elementor-widget-icon-box\" data-id=\"ac6a188\" data-element_type=\"widget\" data-widget_type=\"icon-box.default\">\n\t\t\t\t<div class=\"elementor-widget-container\">\n\t\t\t\t\t<div class=\"elementor-icon-box-wrapper\">\n\t\t\t\t\t\t<div class=\"elementor-icon-box-icon\">\n\t\t\t\t<span class=\"elementor-icon elementor-animation-\" >\n\t\t\t\t<i aria-hidden=\"true\" class=\"far fa-window-minimize\"><\/i>\t\t\t\t<\/span>\n\t\t\t<\/div>\n\t\t\t\t\t\t<div class=\"elementor-icon-box-content\">\n\t\t\t\t<h3 class=\"elementor-icon-box-title\">\n\t\t\t\t\t<span  >\n\t\t\t\t\t\tSYNOPSIS\t\t\t\t\t<\/span>\n\t\t\t\t<\/h3>\n\t\t\t\t\t\t\t\t\t<p class=\"elementor-icon-box-description\">\n\t\t\t\t\t\tUn homme de pouvoir voit son monde vaciller. L'arriv\u00e9e du compagnon secret de son fils, un jeune styliste marocain, agit comme un r\u00e9v\u00e9lateur, intime, familial, et politique.\t\t\t\t\t<\/p>\n\t\t\t\t\t\t\t<\/div>\n\t\t<\/div>\n\t\t\t\t<\/div>\n\t\t\t\t<\/div>\n\t\t\t\t\t<\/div>\n\t\t<\/div>\n\t\t\t\t\t\t\t<\/div>\n\t\t<\/section>\n\t\t\t\t\t<\/div>\n\t\t<\/div>\n\t\t\t\t\t\t\t<\/div>\n\t\t<\/section>\n\t\t\t\t<section class=\"elementor-section elementor-top-section elementor-element elementor-element-23aed6d elementor-section-boxed elementor-section-height-default elementor-section-height-default\" data-id=\"23aed6d\" data-element_type=\"section\" data-settings=\"{&quot;background_background&quot;:&quot;classic&quot;}\">\n\t\t\t\t\t\t<div class=\"elementor-container elementor-column-gap-wide\">\n\t\t\t\t\t<div class=\"elementor-column elementor-col-100 elementor-top-column elementor-element elementor-element-69547e9f\" data-id=\"69547e9f\" data-element_type=\"column\">\n\t\t\t<div class=\"elementor-widget-wrap elementor-element-populated\">\n\t\t\t\t\t\t\t\t<section class=\"elementor-section elementor-inner-section elementor-element elementor-element-7d343252 elementor-section-boxed elementor-section-height-default elementor-section-height-default\" data-id=\"7d343252\" data-element_type=\"section\">\n\t\t\t\t\t\t<div class=\"elementor-container elementor-column-gap-no\">\n\t\t\t\t\t<div class=\"elementor-column elementor-col-100 elementor-inner-column elementor-element elementor-element-41237b5b\" data-id=\"41237b5b\" data-element_type=\"column\">\n\t\t\t<div class=\"elementor-widget-wrap elementor-element-populated\">\n\t\t\t\t\t\t\t\t<div class=\"elementor-element elementor-element-f6ee104 elementor-widget elementor-widget-heading\" data-id=\"f6ee104\" data-element_type=\"widget\" data-widget_type=\"heading.default\">\n\t\t\t\t<div class=\"elementor-widget-container\">\n\t\t\t<h2 class=\"elementor-heading-title elementor-size-xl\">About the project<\/h2>\t\t<\/div>\n\t\t\t\t<\/div>\n\t\t\t\t\t<\/div>\n\t\t<\/div>\n\t\t\t\t\t\t\t<\/div>\n\t\t<\/section>\n\t\t\t\t<section class=\"elementor-section elementor-inner-section elementor-element elementor-element-79fa067e elementor-section-boxed elementor-section-height-default elementor-section-height-default\" data-id=\"79fa067e\" data-element_type=\"section\">\n\t\t\t\t\t\t<div class=\"elementor-container elementor-column-gap-wide\">\n\t\t\t\t\t<div class=\"elementor-column elementor-col-50 elementor-inner-column elementor-element elementor-element-49a878d5\" data-id=\"49a878d5\" data-element_type=\"column\">\n\t\t\t<div class=\"elementor-widget-wrap elementor-element-populated\">\n\t\t\t\t\t\t\t\t<div class=\"elementor-element elementor-element-2a949c44 elementor-widget elementor-widget-text-editor\" data-id=\"2a949c44\" data-element_type=\"widget\" data-widget_type=\"text-editor.default\">\n\t\t\t\t<div class=\"elementor-widget-container\">\n\t\t\t\t\t\t\t<p>Robert Molina pensait avoir tout verrouill\u00e9, sa carri\u00e8re, sa famille, sa maison\u2026 mais tout commence \u00e0 lui \u00e9chapper. Mis \u00e0 l&rsquo;\u00e9cart dans son entreprise, il croit pouvoir se recentrer chez lui. L\u00e0 aussi, tout lui glisse entre les doigts. A\u00efssa, jeune styliste marocain et amant secret de son fils Vincent, s&rsquo;est install\u00e9 dans la maison pour finaliser sa collection. Il est solaire, discret, attentif.Pourtant, Robert perd pied et voit en lui une menace.La maison devient un th\u00e9\u00e2tre clos, o\u00f9 l&rsquo;amour, la loyaut\u00e9 et la filiation se rejouent.<\/p>\t\t\t\t\t\t<\/div>\n\t\t\t\t<\/div>\n\t\t\t\t\t<\/div>\n\t\t<\/div>\n\t\t\t\t<div class=\"elementor-column elementor-col-50 elementor-inner-column elementor-element elementor-element-6849d2cf\" data-id=\"6849d2cf\" data-element_type=\"column\">\n\t\t\t<div class=\"elementor-widget-wrap elementor-element-populated\">\n\t\t\t\t\t\t\t\t<div class=\"elementor-element elementor-element-3dd0932 elementor-widget elementor-widget-text-editor\" data-id=\"3dd0932\" data-element_type=\"widget\" data-widget_type=\"text-editor.default\">\n\t\t\t\t<div class=\"elementor-widget-container\">\n\t\t\t\t\t\t\t<p class=\"font_8 wixui-rich-text__text\"><span class=\"wixui-rich-text__text\">N&rsquo;ayant ni la force, ni le courage de s&rsquo;en prendre \u00e0 ceux qui l&rsquo;ont vraiment \u00e9cart\u00e9, Robert retourne sa col\u00e8re contre A\u00efssa. Parce qu&rsquo;il est l\u00e0. Silencieux. Diff\u00e9rent. <\/span><span class=\"wixui-rich-text__text\">Un drame \u00e9clate. <\/span><span class=\"wixui-rich-text__text\">Et quand la famille tente de se taire, de faire bloc, la gamine, C\u00e9cile, la cadette, refuse. Elle se l\u00e8ve. Elle dit ce que les autres taisent. Alors tout explose. Et dans ce fracas, peut-\u00eatre, une lueur d&rsquo;int\u00e9grit\u00e9.<\/span><\/p>\t\t\t\t\t\t<\/div>\n\t\t\t\t<\/div>\n\t\t\t\t\t<\/div>\n\t\t<\/div>\n\t\t\t\t\t\t\t<\/div>\n\t\t<\/section>\n\t\t\t\t<div class=\"elementor-element elementor-element-5ae0a6fe elementor-widget-divider--view-line elementor-widget elementor-widget-divider\" data-id=\"5ae0a6fe\" data-element_type=\"widget\" data-widget_type=\"divider.default\">\n\t\t\t\t<div class=\"elementor-widget-container\">\n\t\t\t\t\t<div class=\"elementor-divider\">\n\t\t\t<span class=\"elementor-divider-separator\">\n\t\t\t\t\t\t<\/span>\n\t\t<\/div>\n\t\t\t\t<\/div>\n\t\t\t\t<\/div>\n\t\t\t\t\t<\/div>\n\t\t<\/div>\n\t\t\t\t\t\t\t<\/div>\n\t\t<\/section>\n\t\t\t\t<section class=\"elementor-section elementor-top-section elementor-element elementor-element-5e6df18 elementor-section-boxed elementor-section-height-default elementor-section-height-default\" data-id=\"5e6df18\" data-element_type=\"section\" data-settings=\"{&quot;background_background&quot;:&quot;classic&quot;}\">\n\t\t\t\t\t\t\t<div class=\"elementor-background-overlay\"><\/div>\n\t\t\t\t\t\t\t<div class=\"elementor-container elementor-column-gap-default\">\n\t\t\t\t\t<div class=\"elementor-column elementor-col-33 elementor-top-column elementor-element elementor-element-3dde0eb3\" data-id=\"3dde0eb3\" data-element_type=\"column\">\n\t\t\t<div class=\"elementor-widget-wrap elementor-element-populated\">\n\t\t\t\t\t\t\t\t<div class=\"elementor-element elementor-element-676f00b2 elementor-widget elementor-widget-heading\" data-id=\"676f00b2\" data-element_type=\"widget\" data-widget_type=\"heading.default\">\n\t\t\t\t<div class=\"elementor-widget-container\">\n\t\t\t<h3 class=\"elementor-heading-title elementor-size-medium\">Directed by<\/h3>\t\t<\/div>\n\t\t\t\t<\/div>\n\t\t\t\t<div class=\"elementor-element elementor-element-4212ddcb elementor-widget elementor-widget-heading\" data-id=\"4212ddcb\" data-element_type=\"widget\" data-widget_type=\"heading.default\">\n\t\t\t\t<div class=\"elementor-widget-container\">\n\t\t\t<span class=\"elementor-heading-title elementor-size-medium\">Emile Berling<\/span>\t\t<\/div>\n\t\t\t\t<\/div>\n\t\t\t\t\t<\/div>\n\t\t<\/div>\n\t\t\t\t<div class=\"elementor-column elementor-col-33 elementor-top-column elementor-element elementor-element-3bbf7d12\" data-id=\"3bbf7d12\" data-element_type=\"column\">\n\t\t\t<div class=\"elementor-widget-wrap elementor-element-populated\">\n\t\t\t\t\t\t\t\t<div class=\"elementor-element elementor-element-9f50b7c elementor-widget elementor-widget-heading\" data-id=\"9f50b7c\" data-element_type=\"widget\" data-widget_type=\"heading.default\">\n\t\t\t\t<div class=\"elementor-widget-container\">\n\t\t\t<h3 class=\"elementor-heading-title elementor-size-medium\">Produced by<\/h3>\t\t<\/div>\n\t\t\t\t<\/div>\n\t\t\t\t<div class=\"elementor-element elementor-element-75ec7816 elementor-widget elementor-widget-heading\" data-id=\"75ec7816\" data-element_type=\"widget\" data-widget_type=\"heading.default\">\n\t\t\t\t<div class=\"elementor-widget-container\">\n\t\t\t<span class=\"elementor-heading-title elementor-size-medium\">RnB! Films<br>PHILARTMEDIA STUDIO<\/span>\t\t<\/div>\n\t\t\t\t<\/div>\n\t\t\t\t\t<\/div>\n\t\t<\/div>\n\t\t\t\t<div class=\"elementor-column elementor-col-33 elementor-top-column elementor-element elementor-element-3298cd54\" data-id=\"3298cd54\" data-element_type=\"column\">\n\t\t\t<div class=\"elementor-widget-wrap elementor-element-populated\">\n\t\t\t\t\t\t\t\t<div class=\"elementor-element elementor-element-5630741d elementor-widget elementor-widget-heading\" data-id=\"5630741d\" data-element_type=\"widget\" data-widget_type=\"heading.default\">\n\t\t\t\t<div class=\"elementor-widget-container\">\n\t\t\t<h3 class=\"elementor-heading-title elementor-size-medium\">Sound<\/h3>\t\t<\/div>\n\t\t\t\t<\/div>\n\t\t\t\t<div class=\"elementor-element elementor-element-714ac989 elementor-widget elementor-widget-heading\" data-id=\"714ac989\" data-element_type=\"widget\" data-widget_type=\"heading.default\">\n\t\t\t\t<div class=\"elementor-widget-container\">\n\t\t\t<span class=\"elementor-heading-title elementor-size-medium\">Producteur ex\u00e9cutif : Dorian Bonnardel<br><br>\nMusique originale : Th\u00e9rence Guillerme\n<\/span>\t\t<\/div>\n\t\t\t\t<\/div>\n\t\t\t\t\t<\/div>\n\t\t<\/div>\n\t\t\t\t\t\t\t<\/div>\n\t\t<\/section>\n\t\t\t\t\t\t\t<\/div>","protected":false},"excerpt":{"rendered":"<p>2026 Soyez le Bienvenu SYNOPSIS Un homme de pouvoir voit son monde vaciller. L&rsquo;arriv\u00e9e du compagnon secret de son fils, un jeune styliste marocain, agit comme un r\u00e9v\u00e9lateur, intime, familial, et politique. \u00c0 propos du projet Robert Molina pensait avoir tout verrouill\u00e9, sa carri\u00e8re, sa famille, sa maison\u2026 mais tout commence \u00e0 lui \u00e9chapper. Mis [&hellip;]<\/p>","protected":false},"author":2,"featured_media":0,"parent":898,"menu_order":0,"comment_status":"closed","ping_status":"closed","template":"elementor_header_footer","meta":{"footnotes":""},"class_list":["post-4116","page","type-page","status-publish","hentry"],"_links":{"self":[{"href":"https:\/\/philartmediastudio.com\/en\/wp-json\/wp\/v2\/pages\/4116","targetHints":{"allow":["GET"]}}],"collection":[{"href":"https:\/\/philartmediastudio.com\/en\/wp-json\/wp\/v2\/pages"}],"about":[{"href":"https:\/\/philartmediastudio.com\/en\/wp-json\/wp\/v2\/types\/page"}],"author":[{"embeddable":true,"href":"https:\/\/philartmediastudio.com\/en\/wp-json\/wp\/v2\/users\/2"}],"replies":[{"embeddable":true,"href":"https:\/\/philartmediastudio.com\/en\/wp-json\/wp\/v2\/comments?post=4116"}],"version-history":[{"count":4,"href":"https:\/\/philartmediastudio.com\/en\/wp-json\/wp\/v2\/pages\/4116\/revisions"}],"predecessor-version":[{"id":4123,"href":"https:\/\/philartmediastudio.com\/en\/wp-json\/wp\/v2\/pages\/4116\/revisions\/4123"}],"up":[{"embeddable":true,"href":"https:\/\/philartmediastudio.com\/en\/wp-json\/wp\/v2\/pages\/898"}],"wp:attachment":[{"href":"https:\/\/philartmediastudio.com\/en\/wp-json\/wp\/v2\/media?parent=4116"}],"curies":[{"name":"wp","href":"https:\/\/api.w.org\/{rel}","templated":true}]}}